{"id":77,"date":"2019-05-09T17:13:01","date_gmt":"2019-05-09T17:13:01","guid":{"rendered":"https:\/\/www.danivalentin.net\/vendetudo\/?page_id=77"},"modified":"2019-05-09T19:19:26","modified_gmt":"2019-05-09T19:19:26","slug":"info","status":"publish","type":"page","link":"https:\/\/www.danivalentin.net\/vendetudo\/info\/","title":{"rendered":"+ info"},"content":{"rendered":"\n<ul class=\"wp-block-list\"><li>A retirada fica por conta do comprador. Estou na regi\u00e3o do Baixo Augusta.<\/li><li>Para compras, mais fotos, negocia\u00e7\u00f5es, entre em contato comigo em dani.valentin(at)gmail.com<\/li><li>Dispon\u00edveis at\u00e9 06\/2019<\/li><\/ul>\n","protected":false},"excerpt":{"rendered":"<p>A retirada fica por conta do comprador. Estou na regi\u00e3o do Baixo Augusta. Para compras, mais fotos, negocia\u00e7\u00f5es, entre em contato comigo em dani.valentin(at)gmail.com Dispon\u00edveis at\u00e9 06\/2019<\/p>\n","protected":false},"author":1,"featured_media":0,"parent":0,"menu_order":0,"comment_status":"closed","ping_status":"closed","template":"","meta":{"footnotes":""},"class_list":["post-77","page","type-page","status-publish","hentry"],"yoast_head":"<!-- This site is optimized with the Yoast SEO plugin v26.5 - https:\/\/yoast.com\/wordpress\/plugins\/seo\/ -->\n<title>+ info - Dani vende tudo<\/title>\n<meta name=\"robots\" content=\"index, follow, max-snippet:-1, max-image-preview:large, max-video-preview:-1\" \/>\n<link rel=\"canonical\" href=\"https:\/\/www.danivalentin.net\/vendetudo\/info\/\" \/>\n<meta property=\"og:locale\" content=\"en_US\" \/>\n<meta property=\"og:type\" content=\"article\" \/>\n<meta property=\"og:title\" content=\"+ info - Dani vende tudo\" \/>\n<meta property=\"og:description\" content=\"A retirada fica por conta do comprador. Estou na regi\u00e3o do Baixo Augusta. Para compras, mais fotos, negocia\u00e7\u00f5es, entre em contato comigo em dani.valentin(at)gmail.com Dispon\u00edveis at\u00e9 06\/2019\" \/>\n<meta property=\"og:url\" content=\"https:\/\/www.danivalentin.net\/vendetudo\/info\/\" \/>\n<meta property=\"og:site_name\" content=\"Dani vende tudo\" \/>\n<meta property=\"article:modified_time\" content=\"2019-05-09T19:19:26+00:00\" \/>\n<meta name=\"twitter:card\" content=\"summary_large_image\" \/>\n<script type=\"application\/ld+json\" class=\"yoast-schema-graph\">{\"@context\":\"https:\/\/schema.org\",\"@graph\":[{\"@type\":\"WebPage\",\"@id\":\"https:\/\/www.danivalentin.net\/vendetudo\/info\/\",\"url\":\"https:\/\/www.danivalentin.net\/vendetudo\/info\/\",\"name\":\"+ info - Dani vende tudo\",\"isPartOf\":{\"@id\":\"https:\/\/www.danivalentin.net\/vendetudo\/#website\"},\"datePublished\":\"2019-05-09T17:13:01+00:00\",\"dateModified\":\"2019-05-09T19:19:26+00:00\",\"breadcrumb\":{\"@id\":\"https:\/\/www.danivalentin.net\/vendetudo\/info\/#breadcrumb\"},\"inLanguage\":\"en-US\",\"potentialAction\":[{\"@type\":\"ReadAction\",\"target\":[\"https:\/\/www.danivalentin.net\/vendetudo\/info\/\"]}]},{\"@type\":\"BreadcrumbList\",\"@id\":\"https:\/\/www.danivalentin.net\/vendetudo\/info\/#breadcrumb\",\"itemListElement\":[{\"@type\":\"ListItem\",\"position\":1,\"name\":\"Home\",\"item\":\"https:\/\/www.danivalentin.net\/vendetudo\/\"},{\"@type\":\"ListItem\",\"position\":2,\"name\":\"+ info\"}]},{\"@type\":\"WebSite\",\"@id\":\"https:\/\/www.danivalentin.net\/vendetudo\/#website\",\"url\":\"https:\/\/www.danivalentin.net\/vendetudo\/\",\"name\":\"Dani vende tudo\",\"description\":\"\",\"potentialAction\":[{\"@type\":\"SearchAction\",\"target\":{\"@type\":\"EntryPoint\",\"urlTemplate\":\"https:\/\/www.danivalentin.net\/vendetudo\/?s={search_term_string}\"},\"query-input\":{\"@type\":\"PropertyValueSpecification\",\"valueRequired\":true,\"valueName\":\"search_term_string\"}}],\"inLanguage\":\"en-US\"}]}<\/script>\n<!-- \/ Yoast SEO plugin. -->","yoast_head_json":{"title":"+ info - Dani vende tudo","robots":{"index":"index","follow":"follow","max-snippet":"max-snippet:-1","max-image-preview":"max-image-preview:large","max-video-preview":"max-video-preview:-1"},"canonical":"https:\/\/www.danivalentin.net\/vendetudo\/info\/","og_locale":"en_US","og_type":"article","og_title":"+ info - Dani vende tudo","og_description":"A retirada fica por conta do comprador. Estou na regi\u00e3o do Baixo Augusta. Para compras, mais fotos, negocia\u00e7\u00f5es, entre em contato comigo em dani.valentin(at)gmail.com Dispon\u00edveis at\u00e9 06\/2019","og_url":"https:\/\/www.danivalentin.net\/vendetudo\/info\/","og_site_name":"Dani vende tudo","article_modified_time":"2019-05-09T19:19:26+00:00","twitter_card":"summary_large_image","schema":{"@context":"https:\/\/schema.org","@graph":[{"@type":"WebPage","@id":"https:\/\/www.danivalentin.net\/vendetudo\/info\/","url":"https:\/\/www.danivalentin.net\/vendetudo\/info\/","name":"+ info - Dani vende tudo","isPartOf":{"@id":"https:\/\/www.danivalentin.net\/vendetudo\/#website"},"datePublished":"2019-05-09T17:13:01+00:00","dateModified":"2019-05-09T19:19:26+00:00","breadcrumb":{"@id":"https:\/\/www.danivalentin.net\/vendetudo\/info\/#breadcrumb"},"inLanguage":"en-US","potentialAction":[{"@type":"ReadAction","target":["https:\/\/www.danivalentin.net\/vendetudo\/info\/"]}]},{"@type":"BreadcrumbList","@id":"https:\/\/www.danivalentin.net\/vendetudo\/info\/#breadcrumb","itemListElement":[{"@type":"ListItem","position":1,"name":"Home","item":"https:\/\/www.danivalentin.net\/vendetudo\/"},{"@type":"ListItem","position":2,"name":"+ info"}]},{"@type":"WebSite","@id":"https:\/\/www.danivalentin.net\/vendetudo\/#website","url":"https:\/\/www.danivalentin.net\/vendetudo\/","name":"Dani vende tudo","description":"","potentialAction":[{"@type":"SearchAction","target":{"@type":"EntryPoint","urlTemplate":"https:\/\/www.danivalentin.net\/vendetudo\/?s={search_term_string}"},"query-input":{"@type":"PropertyValueSpecification","valueRequired":true,"valueName":"search_term_string"}}],"inLanguage":"en-US"}]}},"_links":{"self":[{"href":"https:\/\/www.danivalentin.net\/vendetudo\/wp-json\/wp\/v2\/pages\/77","targetHints":{"allow":["GET"]}}],"collection":[{"href":"https:\/\/www.danivalentin.net\/vendetudo\/wp-json\/wp\/v2\/pages"}],"about":[{"href":"https:\/\/www.danivalentin.net\/vendetudo\/wp-json\/wp\/v2\/types\/page"}],"author":[{"embeddable":true,"href":"https:\/\/www.danivalentin.net\/vendetudo\/wp-json\/wp\/v2\/users\/1"}],"replies":[{"embeddable":true,"href":"https:\/\/www.danivalentin.net\/vendetudo\/wp-json\/wp\/v2\/comments?post=77"}],"version-history":[{"count":4,"href":"https:\/\/www.danivalentin.net\/vendetudo\/wp-json\/wp\/v2\/pages\/77\/revisions"}],"predecessor-version":[{"id":102,"href":"https:\/\/www.danivalentin.net\/vendetudo\/wp-json\/wp\/v2\/pages\/77\/revisions\/102"}],"wp:attachment":[{"href":"https:\/\/www.danivalentin.net\/vendetudo\/wp-json\/wp\/v2\/media?parent=77"}],"curies":[{"name":"wp","href":"https:\/\/api.w.org\/{rel}","templated":true}]}}